{"id":2,"date":"2006-10-02T17:08:34","date_gmt":"2006-10-02T15:08:34","guid":{"rendered":""},"modified":"2012-11-01T10:39:45","modified_gmt":"2012-11-01T09:39:45","slug":"uber","status":"publish","type":"page","link":"http:\/\/volleyblog.fischer-hameln.de\/?page_id=2","title":{"rendered":"Sportverein Halvestorf\/Hameln e.V"},"content":{"rendered":"<p>Hier werden\u00a0 Neuigkeiten und aktuelle Informationen rund um das Trainings- und Spielgeschehen des Sportvereins Halvestorf\/Hameln ver\u00f6ffentlicht bzw. ausgetauscht. Jedes Mitglied hat einen Benutzernamen und ein Kennwort, mit dem er sich einloggen kann und Kommentare sowie evtl. Beitr\u00e4ge ver\u00f6ffentlichen kann. Falls die Zugangsdaten nicht bekannt sind, bitte eine Mail an hannes.fischer(at)web.de<\/p>\n<p><a href=\"http:\/\/sportverein-halvestorf-hameln.de\" title=\"Hier geht es zum Sportverein Halvestorf\/Hameln\"><strong>Grunds\u00e4tzliche Informationen zum &#8222;jungen&#8220; Sportverein in Halvestorf gibt es auf der Homepage\u00a0 <\/strong><\/a>(bitte auf den Link klicken)<br \/>\nHannes<\/p>\n","protected":false},"excerpt":{"rendered":"<p>Hier werden\u00a0 Neuigkeiten und aktuelle Informationen rund um das Trainings- und Spielgeschehen des Sportvereins Halvestorf\/Hameln ver\u00f6ffentlicht bzw. ausgetauscht. Jedes Mitglied hat einen Benutzernamen und ein Kennwort, mit dem er sich einloggen kann und Kommentare sowie evtl. Beitr\u00e4ge ver\u00f6ffentlichen kann. Falls die Zugangsdaten nicht bekannt sind, bitte eine Mail an hannes.fischer(at)web.de Grunds\u00e4tzliche Informationen zum &#8222;jungen&#8220; Sportverein [&hellip;]<\/p>\n","protected":false},"author":1,"featured_media":0,"parent":0,"menu_order":0,"comment_status":"open","ping_status":"open","template":"","meta":{"footnotes":""},"class_list":["post-2","page","type-page","status-publish","hentry"],"_links":{"self":[{"href":"http:\/\/volleyblog.fischer-hameln.de\/index.php?rest_route=\/wp\/v2\/pages\/2","targetHints":{"allow":["GET"]}}],"collection":[{"href":"http:\/\/volleyblog.fischer-hameln.de\/index.php?rest_route=\/wp\/v2\/pages"}],"about":[{"href":"http:\/\/volleyblog.fischer-hameln.de\/index.php?rest_route=\/wp\/v2\/types\/page"}],"author":[{"embeddable":true,"href":"http:\/\/volleyblog.fischer-hameln.de\/index.php?rest_route=\/wp\/v2\/users\/1"}],"replies":[{"embeddable":true,"href":"http:\/\/volleyblog.fischer-hameln.de\/index.php?rest_route=%2Fwp%2Fv2%2Fcomments&post=2"}],"version-history":[{"count":0,"href":"http:\/\/volleyblog.fischer-hameln.de\/index.php?rest_route=\/wp\/v2\/pages\/2\/revisions"}],"wp:attachment":[{"href":"http:\/\/volleyblog.fischer-hameln.de\/index.php?rest_route=%2Fwp%2Fv2%2Fmedia&parent=2"}],"curies":[{"name":"wp","href":"https:\/\/api.w.org\/{rel}","templated":true}]}}